{"id":359,"date":"2024-02-18T08:48:53","date_gmt":"2024-02-18T07:48:53","guid":{"rendered":"https:\/\/naucseto.cz\/wordpress\/?page_id=359"},"modified":"2024-05-10T09:16:16","modified_gmt":"2024-05-10T07:16:16","slug":"krizova-cesta-1-zastaveni","status":"publish","type":"page","link":"https:\/\/naucseto.cz\/wordpress\/zkusebni-stranka\/krizova-cesta-1-zastaveni\/","title":{"rendered":"K\u0159\u00ed\u017eov\u00e1 cesta &#8211; 1. zastaven\u00ed"},"content":{"rendered":"\n<p style=\"font-size:16px\"><strong>P\u00e1n Je\u017e\u00ed\u0161 je Pil\u00e1tem k smrti odsouzen<\/strong><\/p>\n\n\n\n<figure class=\"wp-block-image size-full is-resized\"><img loading=\"lazy\" decoding=\"async\" width=\"391\" height=\"625\" src=\"https:\/\/naucseto.cz\/wordpress\/wp-content\/uploads\/2024\/02\/00-def-01.jpg\" alt=\"\" class=\"wp-image-360\" style=\"width:268px;height:auto\" srcset=\"https:\/\/naucseto.cz\/wordpress\/wp-content\/uploads\/2024\/02\/00-def-01.jpg 391w, https:\/\/naucseto.cz\/wordpress\/wp-content\/uploads\/2024\/02\/00-def-01-188x300.jpg 188w, https:\/\/naucseto.cz\/wordpress\/wp-content\/uploads\/2024\/02\/00-def-01-300x480.jpg 300w\" sizes=\"auto, (max-width: 391px) 100vw, 391px\" \/><\/figure>\n\n\n\n<p>Ver\u0161e: <a href=\"http:\/\/biblenet.cz\/app\/bible\/passage?path=Jan+19%2C4-16&amp;search=Otev%C5%99%C3%ADt\" target=\"_blank\" rel=\"noreferrer noopener\">Jan 19,4-16<\/a><br>Pane, sn\u00e1\u0161\u00ed\u0161 pobu\u0159uj\u00edc\u00ed nespravedlnost. U\u010d\u00ed\u0161 m\u011b sn\u00e1\u0161et i to, co se mi zd\u00e1 nezaslou\u017een\u00e9.<\/p>\n\n\n\n<p><a href=\"https:\/\/naucseto.cz\/wordpress\/zkusebni-stranka\/krizova-cesta-1-zastaveni\/krizova-cesta-2-zastaveni\">Druh\u00e9 zastaven\u00ed<\/a><\/p>\n","protected":false},"excerpt":{"rendered":"<p>P\u00e1n Je\u017e\u00ed\u0161 je Pil\u00e1tem k smrti odsouzen Ver\u0161e: Jan 19,4-16Pane, sn\u00e1\u0161\u00ed\u0161 pobu\u0159uj\u00edc\u00ed nespravedlnost. U\u010d\u00ed\u0161 m\u011b sn\u00e1\u0161et i to, co se mi zd\u00e1 nezaslou\u017een\u00e9. Druh\u00e9 zastaven\u00ed<\/p>\n","protected":false},"author":2,"featured_media":0,"parent":2,"menu_order":0,"comment_status":"closed","ping_status":"closed","template":"","meta":{"footnotes":""},"class_list":["post-359","page","type-page","status-publish","hentry"],"_links":{"self":[{"href":"https:\/\/naucseto.cz\/wordpress\/wp-json\/wp\/v2\/pages\/359","targetHints":{"allow":["GET"]}}],"collection":[{"href":"https:\/\/naucseto.cz\/wordpress\/wp-json\/wp\/v2\/pages"}],"about":[{"href":"https:\/\/naucseto.cz\/wordpress\/wp-json\/wp\/v2\/types\/page"}],"author":[{"embeddable":true,"href":"https:\/\/naucseto.cz\/wordpress\/wp-json\/wp\/v2\/users\/2"}],"replies":[{"embeddable":true,"href":"https:\/\/naucseto.cz\/wordpress\/wp-json\/wp\/v2\/comments?post=359"}],"version-history":[{"count":13,"href":"https:\/\/naucseto.cz\/wordpress\/wp-json\/wp\/v2\/pages\/359\/revisions"}],"predecessor-version":[{"id":482,"href":"https:\/\/naucseto.cz\/wordpress\/wp-json\/wp\/v2\/pages\/359\/revisions\/482"}],"up":[{"embeddable":true,"href":"https:\/\/naucseto.cz\/wordpress\/wp-json\/wp\/v2\/pages\/2"}],"wp:attachment":[{"href":"https:\/\/naucseto.cz\/wordpress\/wp-json\/wp\/v2\/media?parent=359"}],"curies":[{"name":"wp","href":"https:\/\/api.w.org\/{rel}","templated":true}]}}