{"id":369,"date":"2024-02-18T09:06:16","date_gmt":"2024-02-18T08:06:16","guid":{"rendered":"https:\/\/naucseto.cz\/wordpress\/?page_id=369"},"modified":"2024-02-18T16:38:16","modified_gmt":"2024-02-18T15:38:16","slug":"krizova-cesta-2-zastaveni","status":"publish","type":"page","link":"https:\/\/naucseto.cz\/wordpress\/zkusebni-stranka\/krizova-cesta-1-zastaveni\/krizova-cesta-2-zastaveni\/","title":{"rendered":"K\u0159\u00ed\u017eov\u00e1 cesta &#8211; 2. zastaven\u00ed"},"content":{"rendered":"\n<p><strong>Je\u017e\u00ed\u0161 na sebe bere k\u0159\u00ed\u017e<\/strong><\/p>\n\n\n\n<figure class=\"wp-block-image size-full is-resized\"><img loading=\"lazy\" decoding=\"async\" width=\"391\" height=\"625\" src=\"https:\/\/naucseto.cz\/wordpress\/wp-content\/uploads\/2024\/02\/00-def-02.jpg\" alt=\"\" class=\"wp-image-370\" style=\"width:298px;height:auto\" srcset=\"https:\/\/naucseto.cz\/wordpress\/wp-content\/uploads\/2024\/02\/00-def-02.jpg 391w, https:\/\/naucseto.cz\/wordpress\/wp-content\/uploads\/2024\/02\/00-def-02-188x300.jpg 188w, https:\/\/naucseto.cz\/wordpress\/wp-content\/uploads\/2024\/02\/00-def-02-300x480.jpg 300w\" sizes=\"auto, (max-width: 391px) 100vw, 391px\" \/><\/figure>\n\n\n\n<p>Ver\u0161e: <a href=\"http:\/\/biblenet.cz\/app\/bible\/passage?path=Jan+19%2C16-17&amp;search=Otev%C5%99%C3%ADt\" target=\"_blank\" rel=\"noreferrer noopener\">Jan 19,16-17<\/a><\/p>\n\n\n\n<p>Pane, bere\u0161 na ramena k\u0159\u00ed\u017e. U\u010d\u00ed\u0161 m\u011b, abych byl p\u0159ipraven\u00fd na utrpen\u00ed, kdy\u017e jsou nevyhnuteln\u00e1.<\/p>\n\n\n\n<p><a href=\"https:\/\/naucseto.cz\/wordpress\/krizova-cesta-3-zastaveni\/\">T\u0159et\u00ed zastaven\u00ed<\/a><\/p>\n","protected":false},"excerpt":{"rendered":"<p>Je\u017e\u00ed\u0161 na sebe bere k\u0159\u00ed\u017e Ver\u0161e: Jan 19,16-17 Pane, bere\u0161 na ramena k\u0159\u00ed\u017e. U\u010d\u00ed\u0161 m\u011b, abych byl p\u0159ipraven\u00fd na utrpen\u00ed, kdy\u017e jsou nevyhnuteln\u00e1. T\u0159et\u00ed zastaven\u00ed<\/p>\n","protected":false},"author":2,"featured_media":0,"parent":359,"menu_order":0,"comment_status":"closed","ping_status":"closed","template":"","meta":{"footnotes":""},"class_list":["post-369","page","type-page","status-publish","hentry"],"_links":{"self":[{"href":"https:\/\/naucseto.cz\/wordpress\/wp-json\/wp\/v2\/pages\/369","targetHints":{"allow":["GET"]}}],"collection":[{"href":"https:\/\/naucseto.cz\/wordpress\/wp-json\/wp\/v2\/pages"}],"about":[{"href":"https:\/\/naucseto.cz\/wordpress\/wp-json\/wp\/v2\/types\/page"}],"author":[{"embeddable":true,"href":"https:\/\/naucseto.cz\/wordpress\/wp-json\/wp\/v2\/users\/2"}],"replies":[{"embeddable":true,"href":"https:\/\/naucseto.cz\/wordpress\/wp-json\/wp\/v2\/comments?post=369"}],"version-history":[{"count":5,"href":"https:\/\/naucseto.cz\/wordpress\/wp-json\/wp\/v2\/pages\/369\/revisions"}],"predecessor-version":[{"id":413,"href":"https:\/\/naucseto.cz\/wordpress\/wp-json\/wp\/v2\/pages\/369\/revisions\/413"}],"up":[{"embeddable":true,"href":"https:\/\/naucseto.cz\/wordpress\/wp-json\/wp\/v2\/pages\/359"}],"wp:attachment":[{"href":"https:\/\/naucseto.cz\/wordpress\/wp-json\/wp\/v2\/media?parent=369"}],"curies":[{"name":"wp","href":"https:\/\/api.w.org\/{rel}","templated":true}]}}