{"id":376,"date":"2024-02-18T11:41:56","date_gmt":"2024-02-18T10:41:56","guid":{"rendered":"https:\/\/naucseto.cz\/wordpress\/?page_id=376"},"modified":"2024-02-18T16:47:44","modified_gmt":"2024-02-18T15:47:44","slug":"krizova-cesta-3-zastaveni","status":"publish","type":"page","link":"https:\/\/naucseto.cz\/wordpress\/zkusebni-stranka\/krizova-cesta-1-zastaveni\/krizova-cesta-3-zastaveni\/","title":{"rendered":"K\u0159\u00ed\u017eov\u00e1 cesta &#8211; 3. zastaven\u00ed"},"content":{"rendered":"\n<p><strong>Je\u017e\u00ed\u0161 pod k\u0159\u00ed\u017eem poprv\u00e9 kles\u00e1<\/strong><\/p>\n\n\n\n<figure class=\"wp-block-image size-full is-resized\"><img loading=\"lazy\" decoding=\"async\" width=\"391\" height=\"625\" src=\"https:\/\/naucseto.cz\/wordpress\/wp-content\/uploads\/2024\/02\/00-def-03.jpg\" alt=\"\" class=\"wp-image-377\" style=\"width:295px;height:auto\" srcset=\"https:\/\/naucseto.cz\/wordpress\/wp-content\/uploads\/2024\/02\/00-def-03.jpg 391w, https:\/\/naucseto.cz\/wordpress\/wp-content\/uploads\/2024\/02\/00-def-03-188x300.jpg 188w, https:\/\/naucseto.cz\/wordpress\/wp-content\/uploads\/2024\/02\/00-def-03-300x480.jpg 300w\" sizes=\"auto, (max-width: 391px) 100vw, 391px\" \/><\/figure>\n\n\n\n<p>Ver\u0161e: <a href=\"http:\/\/biblenet.cz\/app\/bible\/passage?path=Jan+12%2C+23-28&amp;search=Otev%C5%99%C3%ADt\" target=\"_blank\" rel=\"noreferrer noopener\">Jan 12, 23-28<\/a><\/p>\n\n\n\n<p>P\u00e1d. Je\u017e\u00ed\u0161i, pad\u00e1\u0161. A vst\u00e1v\u00e1\u0161. Posil\u0148uj m\u011b, kdy\u017e k\u0159\u00ed\u017e bude p\u0159evy\u0161ovat moje s\u00edly.<\/p>\n\n\n\n<p><a href=\"https:\/\/naucseto.cz\/wordpress\/krizova-cesta-4-zastaveni\/\">\u010ctvrt\u00e9 zastaven\u00ed<\/a><\/p>\n","protected":false},"excerpt":{"rendered":"<p>Je\u017e\u00ed\u0161 pod k\u0159\u00ed\u017eem poprv\u00e9 kles\u00e1 Ver\u0161e: Jan 12, 23-28 P\u00e1d. Je\u017e\u00ed\u0161i, pad\u00e1\u0161. A vst\u00e1v\u00e1\u0161. Posil\u0148uj m\u011b, kdy\u017e k\u0159\u00ed\u017e bude p\u0159evy\u0161ovat moje s\u00edly. \u010ctvrt\u00e9 zastaven\u00ed<\/p>\n","protected":false},"author":2,"featured_media":0,"parent":359,"menu_order":0,"comment_status":"closed","ping_status":"closed","template":"","meta":{"footnotes":""},"class_list":["post-376","page","type-page","status-publish","hentry"],"_links":{"self":[{"href":"https:\/\/naucseto.cz\/wordpress\/wp-json\/wp\/v2\/pages\/376","targetHints":{"allow":["GET"]}}],"collection":[{"href":"https:\/\/naucseto.cz\/wordpress\/wp-json\/wp\/v2\/pages"}],"about":[{"href":"https:\/\/naucseto.cz\/wordpress\/wp-json\/wp\/v2\/types\/page"}],"author":[{"embeddable":true,"href":"https:\/\/naucseto.cz\/wordpress\/wp-json\/wp\/v2\/users\/2"}],"replies":[{"embeddable":true,"href":"https:\/\/naucseto.cz\/wordpress\/wp-json\/wp\/v2\/comments?post=376"}],"version-history":[{"count":3,"href":"https:\/\/naucseto.cz\/wordpress\/wp-json\/wp\/v2\/pages\/376\/revisions"}],"predecessor-version":[{"id":412,"href":"https:\/\/naucseto.cz\/wordpress\/wp-json\/wp\/v2\/pages\/376\/revisions\/412"}],"up":[{"embeddable":true,"href":"https:\/\/naucseto.cz\/wordpress\/wp-json\/wp\/v2\/pages\/359"}],"wp:attachment":[{"href":"https:\/\/naucseto.cz\/wordpress\/wp-json\/wp\/v2\/media?parent=376"}],"curies":[{"name":"wp","href":"https:\/\/api.w.org\/{rel}","templated":true}]}}