{"id":388,"date":"2024-02-18T16:07:48","date_gmt":"2024-02-18T15:07:48","guid":{"rendered":"https:\/\/naucseto.cz\/wordpress\/?page_id=388"},"modified":"2024-02-18T16:52:13","modified_gmt":"2024-02-18T15:52:13","slug":"krizova-cesta-5-zastaveni","status":"publish","type":"page","link":"https:\/\/naucseto.cz\/wordpress\/zkusebni-stranka\/krizova-cesta-1-zastaveni\/krizova-cesta-5-zastaveni\/","title":{"rendered":"K\u0159\u00ed\u017eov\u00e1 cesta &#8211; 5. zastaven\u00ed"},"content":{"rendered":"\n<p><strong>\u0160imon z Kir\u00e9ny pom\u00e1h\u00e1 Je\u017e\u00ed\u0161i n\u00e9st k\u0159\u00ed\u017e<\/strong><\/p>\n\n\n\n<figure class=\"wp-block-image size-full is-resized\"><img loading=\"lazy\" decoding=\"async\" width=\"391\" height=\"625\" src=\"https:\/\/naucseto.cz\/wordpress\/wp-content\/uploads\/2024\/02\/00-def-05-1.jpg\" alt=\"\" class=\"wp-image-410\" style=\"width:298px;height:auto\" srcset=\"https:\/\/naucseto.cz\/wordpress\/wp-content\/uploads\/2024\/02\/00-def-05-1.jpg 391w, https:\/\/naucseto.cz\/wordpress\/wp-content\/uploads\/2024\/02\/00-def-05-1-188x300.jpg 188w, https:\/\/naucseto.cz\/wordpress\/wp-content\/uploads\/2024\/02\/00-def-05-1-300x480.jpg 300w\" sizes=\"auto, (max-width: 391px) 100vw, 391px\" \/><\/figure>\n\n\n\n<p>Ver\u0161e: <a href=\"http:\/\/biblenet.cz\/app\/bible\/passage?path=Lukas+23%2C26&amp;search=Otev%C5%99%C3%ADt\" target=\"_blank\" rel=\"noreferrer noopener\">Luk\u00e1\u0161 23,26<\/a><\/p>\n\n\n\n<p>\u0160imon. \u0160imon ti pom\u00e1h\u00e1. Dej, a\u0165 se nikdy nevyh\u00fdb\u00e1m pom\u00e1hat ti ve sv\u00fdch bli\u017en\u00edch.<\/p>\n\n\n\n<p><a href=\"https:\/\/naucseto.cz\/wordpress\/zkusebni-stranka\/krizova-cesta-1-zastaveni\/krizova-cesta-6-zastaveni\">\u0160est\u00e9 zastaven\u00ed<\/a><\/p>\n","protected":false},"excerpt":{"rendered":"<p>\u0160imon z Kir\u00e9ny pom\u00e1h\u00e1 Je\u017e\u00ed\u0161i n\u00e9st k\u0159\u00ed\u017e Ver\u0161e: Luk\u00e1\u0161 23,26 \u0160imon. \u0160imon ti pom\u00e1h\u00e1. Dej, a\u0165 se nikdy nevyh\u00fdb\u00e1m pom\u00e1hat ti ve sv\u00fdch bli\u017en\u00edch. \u0160est\u00e9 zastaven\u00ed<\/p>\n","protected":false},"author":2,"featured_media":0,"parent":359,"menu_order":0,"comment_status":"closed","ping_status":"closed","template":"","meta":{"footnotes":""},"class_list":["post-388","page","type-page","status-publish","hentry"],"_links":{"self":[{"href":"https:\/\/naucseto.cz\/wordpress\/wp-json\/wp\/v2\/pages\/388","targetHints":{"allow":["GET"]}}],"collection":[{"href":"https:\/\/naucseto.cz\/wordpress\/wp-json\/wp\/v2\/pages"}],"about":[{"href":"https:\/\/naucseto.cz\/wordpress\/wp-json\/wp\/v2\/types\/page"}],"author":[{"embeddable":true,"href":"https:\/\/naucseto.cz\/wordpress\/wp-json\/wp\/v2\/users\/2"}],"replies":[{"embeddable":true,"href":"https:\/\/naucseto.cz\/wordpress\/wp-json\/wp\/v2\/comments?post=388"}],"version-history":[{"count":4,"href":"https:\/\/naucseto.cz\/wordpress\/wp-json\/wp\/v2\/pages\/388\/revisions"}],"predecessor-version":[{"id":421,"href":"https:\/\/naucseto.cz\/wordpress\/wp-json\/wp\/v2\/pages\/388\/revisions\/421"}],"up":[{"embeddable":true,"href":"https:\/\/naucseto.cz\/wordpress\/wp-json\/wp\/v2\/pages\/359"}],"wp:attachment":[{"href":"https:\/\/naucseto.cz\/wordpress\/wp-json\/wp\/v2\/media?parent=388"}],"curies":[{"name":"wp","href":"https:\/\/api.w.org\/{rel}","templated":true}]}}