{"id":394,"date":"2024-02-18T16:18:07","date_gmt":"2024-02-18T15:18:07","guid":{"rendered":"https:\/\/naucseto.cz\/wordpress\/?page_id=394"},"modified":"2024-02-18T16:55:15","modified_gmt":"2024-02-18T15:55:15","slug":"krizova-cesta-6-zastaveni","status":"publish","type":"page","link":"https:\/\/naucseto.cz\/wordpress\/zkusebni-stranka\/krizova-cesta-1-zastaveni\/krizova-cesta-6-zastaveni\/","title":{"rendered":"K\u0159\u00ed\u017eov\u00e1 cesta &#8211; 6. zastaven\u00ed"},"content":{"rendered":"\n<p><strong>Veronika pod\u00e1v\u00e1 Je\u017e\u00ed\u0161i rou\u0161ku<\/strong><\/p>\n\n\n\n<figure class=\"wp-block-image size-full is-resized\"><img loading=\"lazy\" decoding=\"async\" width=\"391\" height=\"625\" src=\"https:\/\/naucseto.cz\/wordpress\/wp-content\/uploads\/2024\/02\/00-def-06-1.jpg\" alt=\"\" class=\"wp-image-408\" style=\"width:289px;height:auto\" srcset=\"https:\/\/naucseto.cz\/wordpress\/wp-content\/uploads\/2024\/02\/00-def-06-1.jpg 391w, https:\/\/naucseto.cz\/wordpress\/wp-content\/uploads\/2024\/02\/00-def-06-1-188x300.jpg 188w, https:\/\/naucseto.cz\/wordpress\/wp-content\/uploads\/2024\/02\/00-def-06-1-300x480.jpg 300w\" sizes=\"auto, (max-width: 391px) 100vw, 391px\" \/><\/figure>\n\n\n\n<p>Ver\u0161e: <a href=\"http:\/\/Iz 53, 2-4\" target=\"_blank\" rel=\"noreferrer noopener\">Izaj\u00e1\u0161 53,2-4<\/a><\/p>\n\n\n\n<p>Veronika. Je\u017e\u00ed\u0161i, jemnocitn\u011b odm\u011b\u0148uje\u0161 Veroniku. Napl\u0148uj m\u011b pozornost\u00ed v\u016f\u010di t\u011bm, kte\u0159\u00ed mi prok\u00e1\u017e\u00ed i sebemen\u0161\u00ed slu\u017ebu.<\/p>\n\n\n\n<p><a href=\"https:\/\/naucseto.cz\/wordpress\/zkusebni-stranka\/krizova-cesta-1-zastaveni\/krizova-cesta-7-zastaveni\">Sedm\u00e9 zastaven\u00ed<\/a><\/p>\n","protected":false},"excerpt":{"rendered":"<p>Veronika pod\u00e1v\u00e1 Je\u017e\u00ed\u0161i rou\u0161ku Ver\u0161e: Izaj\u00e1\u0161 53,2-4 Veronika. Je\u017e\u00ed\u0161i, jemnocitn\u011b odm\u011b\u0148uje\u0161 Veroniku. Napl\u0148uj m\u011b pozornost\u00ed v\u016f\u010di t\u011bm, kte\u0159\u00ed mi prok\u00e1\u017e\u00ed i sebemen\u0161\u00ed slu\u017ebu. Sedm\u00e9 zastaven\u00ed<\/p>\n","protected":false},"author":2,"featured_media":0,"parent":359,"menu_order":0,"comment_status":"closed","ping_status":"closed","template":"","meta":{"footnotes":""},"class_list":["post-394","page","type-page","status-publish","hentry"],"_links":{"self":[{"href":"https:\/\/naucseto.cz\/wordpress\/wp-json\/wp\/v2\/pages\/394","targetHints":{"allow":["GET"]}}],"collection":[{"href":"https:\/\/naucseto.cz\/wordpress\/wp-json\/wp\/v2\/pages"}],"about":[{"href":"https:\/\/naucseto.cz\/wordpress\/wp-json\/wp\/v2\/types\/page"}],"author":[{"embeddable":true,"href":"https:\/\/naucseto.cz\/wordpress\/wp-json\/wp\/v2\/users\/2"}],"replies":[{"embeddable":true,"href":"https:\/\/naucseto.cz\/wordpress\/wp-json\/wp\/v2\/comments?post=394"}],"version-history":[{"count":3,"href":"https:\/\/naucseto.cz\/wordpress\/wp-json\/wp\/v2\/pages\/394\/revisions"}],"predecessor-version":[{"id":422,"href":"https:\/\/naucseto.cz\/wordpress\/wp-json\/wp\/v2\/pages\/394\/revisions\/422"}],"up":[{"embeddable":true,"href":"https:\/\/naucseto.cz\/wordpress\/wp-json\/wp\/v2\/pages\/359"}],"wp:attachment":[{"href":"https:\/\/naucseto.cz\/wordpress\/wp-json\/wp\/v2\/media?parent=394"}],"curies":[{"name":"wp","href":"https:\/\/api.w.org\/{rel}","templated":true}]}}