{"id":398,"date":"2024-02-18T16:26:41","date_gmt":"2024-02-18T15:26:41","guid":{"rendered":"https:\/\/naucseto.cz\/wordpress\/?page_id=398"},"modified":"2024-02-18T17:40:30","modified_gmt":"2024-02-18T16:40:30","slug":"krizova-cesta-7-zastaveni","status":"publish","type":"page","link":"https:\/\/naucseto.cz\/wordpress\/zkusebni-stranka\/krizova-cesta-1-zastaveni\/krizova-cesta-7-zastaveni\/","title":{"rendered":"K\u0159\u00ed\u017eov\u00e1 cesta &#8211; 7. zastaven\u00ed"},"content":{"rendered":"\n<p><strong>Je\u017e\u00ed\u0161 podruh\u00e9 pod k\u0159\u00ed\u017eem kles\u00e1<\/strong><\/p>\n\n\n\n<figure class=\"wp-block-image size-full is-resized\"><img loading=\"lazy\" decoding=\"async\" width=\"391\" height=\"625\" src=\"https:\/\/naucseto.cz\/wordpress\/wp-content\/uploads\/2024\/02\/00-def-07-4.jpg\" alt=\"\" class=\"wp-image-450\" style=\"width:264px;height:auto\" srcset=\"https:\/\/naucseto.cz\/wordpress\/wp-content\/uploads\/2024\/02\/00-def-07-4.jpg 391w, https:\/\/naucseto.cz\/wordpress\/wp-content\/uploads\/2024\/02\/00-def-07-4-188x300.jpg 188w, https:\/\/naucseto.cz\/wordpress\/wp-content\/uploads\/2024\/02\/00-def-07-4-300x480.jpg 300w\" sizes=\"auto, (max-width: 391px) 100vw, 391px\" \/><\/figure>\n\n\n\n<p>Ver\u0161e: <a href=\"http:\/\/biblenet.cz\/app\/bible\/passage?path=Marek+14%2C+27-31&amp;search=Otev%C5%99%C3%ADt\" target=\"_blank\" rel=\"noreferrer noopener\">Marek 14,27-31<\/a><\/p>\n\n\n\n<p>Druh\u00fd p\u00e1d. Pad\u00e1\u0161 za ty, kte\u0159\u00ed t\u011b vedou na popravu. Dej mi s\u00edlu pracovat i pro ty, kte\u0159\u00ed mi \u010din\u00ed zlo.<\/p>\n\n\n\n<p><a href=\"https:\/\/naucseto.cz\/wordpress\/zkusebni-stranka\/krizova-cesta-1-zastaveni\/krizova-cesta-8-zastaveni\">Osm\u00e9 zastaven\u00ed<\/a><\/p>\n","protected":false},"excerpt":{"rendered":"<p>Je\u017e\u00ed\u0161 podruh\u00e9 pod k\u0159\u00ed\u017eem kles\u00e1 Ver\u0161e: Marek 14,27-31 Druh\u00fd p\u00e1d. Pad\u00e1\u0161 za ty, kte\u0159\u00ed t\u011b vedou na popravu. Dej mi s\u00edlu pracovat i pro ty, kte\u0159\u00ed mi \u010din\u00ed zlo. Osm\u00e9 zastaven\u00ed<\/p>\n","protected":false},"author":2,"featured_media":0,"parent":359,"menu_order":0,"comment_status":"closed","ping_status":"closed","template":"","meta":{"footnotes":""},"class_list":["post-398","page","type-page","status-publish","hentry"],"_links":{"self":[{"href":"https:\/\/naucseto.cz\/wordpress\/wp-json\/wp\/v2\/pages\/398","targetHints":{"allow":["GET"]}}],"collection":[{"href":"https:\/\/naucseto.cz\/wordpress\/wp-json\/wp\/v2\/pages"}],"about":[{"href":"https:\/\/naucseto.cz\/wordpress\/wp-json\/wp\/v2\/types\/page"}],"author":[{"embeddable":true,"href":"https:\/\/naucseto.cz\/wordpress\/wp-json\/wp\/v2\/users\/2"}],"replies":[{"embeddable":true,"href":"https:\/\/naucseto.cz\/wordpress\/wp-json\/wp\/v2\/comments?post=398"}],"version-history":[{"count":7,"href":"https:\/\/naucseto.cz\/wordpress\/wp-json\/wp\/v2\/pages\/398\/revisions"}],"predecessor-version":[{"id":451,"href":"https:\/\/naucseto.cz\/wordpress\/wp-json\/wp\/v2\/pages\/398\/revisions\/451"}],"up":[{"embeddable":true,"href":"https:\/\/naucseto.cz\/wordpress\/wp-json\/wp\/v2\/pages\/359"}],"wp:attachment":[{"href":"https:\/\/naucseto.cz\/wordpress\/wp-json\/wp\/v2\/media?parent=398"}],"curies":[{"name":"wp","href":"https:\/\/api.w.org\/{rel}","templated":true}]}}