{"id":401,"date":"2024-02-18T16:34:13","date_gmt":"2024-02-18T15:34:13","guid":{"rendered":"https:\/\/naucseto.cz\/wordpress\/?page_id=401"},"modified":"2024-02-18T16:58:30","modified_gmt":"2024-02-18T15:58:30","slug":"krizova-cesta-8-zastaveni","status":"publish","type":"page","link":"https:\/\/naucseto.cz\/wordpress\/zkusebni-stranka\/krizova-cesta-1-zastaveni\/krizova-cesta-8-zastaveni\/","title":{"rendered":"K\u0159\u00ed\u017eov\u00e1 cesta &#8211; 8. zastaven\u00ed"},"content":{"rendered":"\n<p><strong>Dcery Jeruzal\u00e9msk\u00e9 oplak\u00e1vaj\u00ed Je\u017e\u00ed\u0161e<\/strong><\/p>\n\n\n\n<figure class=\"wp-block-image size-full is-resized\"><img loading=\"lazy\" decoding=\"async\" width=\"391\" height=\"625\" src=\"https:\/\/naucseto.cz\/wordpress\/wp-content\/uploads\/2024\/02\/00-def-08.jpg\" alt=\"\" class=\"wp-image-402\" style=\"width:284px;height:auto\" srcset=\"https:\/\/naucseto.cz\/wordpress\/wp-content\/uploads\/2024\/02\/00-def-08.jpg 391w, https:\/\/naucseto.cz\/wordpress\/wp-content\/uploads\/2024\/02\/00-def-08-188x300.jpg 188w, https:\/\/naucseto.cz\/wordpress\/wp-content\/uploads\/2024\/02\/00-def-08-300x480.jpg 300w\" sizes=\"auto, (max-width: 391px) 100vw, 391px\" \/><\/figure>\n\n\n\n<p>Ver\u0161e: <a href=\"http:\/\/biblenet.cz\/app\/bible\/passage?path=Lukas+23%2C27-31&amp;search=Otev%C5%99%C3%ADt\" target=\"_blank\" rel=\"noreferrer noopener\">Luk\u00e1\u0161 23,27-31<\/a><\/p>\n\n\n\n<p>\u017deny. I ve sv\u00e9m utrpen\u00ed pou\u010duje\u0161 a napom\u00edn\u00e1\u0161. I v bolesti a utrpen\u00ed chci z\u016fstat v\u011brn\u00fd sv\u00e9mu povol\u00e1n\u00ed.<\/p>\n\n\n\n<p><a href=\"https:\/\/naucseto.cz\/wordpress\/zkusebni-stranka\/krizova-cesta-1-zastaveni\/krizova-cesta-9-zastaveni\">Dev\u00e1t\u00e9 zastaven\u00ed<\/a><\/p>\n","protected":false},"excerpt":{"rendered":"<p>Dcery Jeruzal\u00e9msk\u00e9 oplak\u00e1vaj\u00ed Je\u017e\u00ed\u0161e Ver\u0161e: Luk\u00e1\u0161 23,27-31 \u017deny. I ve sv\u00e9m utrpen\u00ed pou\u010duje\u0161 a napom\u00edn\u00e1\u0161. I v bolesti a utrpen\u00ed chci z\u016fstat v\u011brn\u00fd sv\u00e9mu povol\u00e1n\u00ed. Dev\u00e1t\u00e9 zastaven\u00ed<\/p>\n","protected":false},"author":2,"featured_media":0,"parent":359,"menu_order":0,"comment_status":"closed","ping_status":"closed","template":"","meta":{"footnotes":""},"class_list":["post-401","page","type-page","status-publish","hentry"],"_links":{"self":[{"href":"https:\/\/naucseto.cz\/wordpress\/wp-json\/wp\/v2\/pages\/401","targetHints":{"allow":["GET"]}}],"collection":[{"href":"https:\/\/naucseto.cz\/wordpress\/wp-json\/wp\/v2\/pages"}],"about":[{"href":"https:\/\/naucseto.cz\/wordpress\/wp-json\/wp\/v2\/types\/page"}],"author":[{"embeddable":true,"href":"https:\/\/naucseto.cz\/wordpress\/wp-json\/wp\/v2\/users\/2"}],"replies":[{"embeddable":true,"href":"https:\/\/naucseto.cz\/wordpress\/wp-json\/wp\/v2\/comments?post=401"}],"version-history":[{"count":3,"href":"https:\/\/naucseto.cz\/wordpress\/wp-json\/wp\/v2\/pages\/401\/revisions"}],"predecessor-version":[{"id":424,"href":"https:\/\/naucseto.cz\/wordpress\/wp-json\/wp\/v2\/pages\/401\/revisions\/424"}],"up":[{"embeddable":true,"href":"https:\/\/naucseto.cz\/wordpress\/wp-json\/wp\/v2\/pages\/359"}],"wp:attachment":[{"href":"https:\/\/naucseto.cz\/wordpress\/wp-json\/wp\/v2\/media?parent=401"}],"curies":[{"name":"wp","href":"https:\/\/api.w.org\/{rel}","templated":true}]}}