{"id":416,"date":"2024-02-18T16:44:09","date_gmt":"2024-02-18T15:44:09","guid":{"rendered":"https:\/\/naucseto.cz\/wordpress\/?page_id=416"},"modified":"2024-02-18T17:34:08","modified_gmt":"2024-02-18T16:34:08","slug":"krizova-cesta-9-zastaveni","status":"publish","type":"page","link":"https:\/\/naucseto.cz\/wordpress\/zkusebni-stranka\/krizova-cesta-1-zastaveni\/krizova-cesta-9-zastaveni\/","title":{"rendered":"K\u0159\u00ed\u017eov\u00e1 cesta &#8211; 9. zastaven\u00ed"},"content":{"rendered":"\n<p><strong>Je\u017e\u00ed\u0161 pot\u0159et\u00ed kles\u00e1 pod k\u0159\u00ed\u017eem<\/strong><\/p>\n\n\n\n<figure class=\"wp-block-image size-full is-resized\"><img loading=\"lazy\" decoding=\"async\" width=\"391\" height=\"625\" src=\"https:\/\/naucseto.cz\/wordpress\/wp-content\/uploads\/2024\/02\/00-def-09.jpg\" alt=\"\" class=\"wp-image-417\" style=\"width:292px;height:auto\" srcset=\"https:\/\/naucseto.cz\/wordpress\/wp-content\/uploads\/2024\/02\/00-def-09.jpg 391w, https:\/\/naucseto.cz\/wordpress\/wp-content\/uploads\/2024\/02\/00-def-09-188x300.jpg 188w, https:\/\/naucseto.cz\/wordpress\/wp-content\/uploads\/2024\/02\/00-def-09-300x480.jpg 300w\" sizes=\"auto, (max-width: 391px) 100vw, 391px\" \/><\/figure>\n\n\n\n<p>Ver\u0161e: <a href=\"http:\/\/biblenet.cz\/app\/bible\/passage?path=Matou%C5%A1+26%2C39-44&amp;search=Otev%C5%99%C3%ADt\" target=\"_blank\" rel=\"noreferrer noopener\">Matou\u0161 26,39-44<\/a><\/p>\n\n\n\n<p>T\u0159et\u00ed p\u00e1d. Pot\u0159et\u00ed pad\u00e1\u0161 a vst\u00e1v\u00e1\u0161. Ne\u017e\u00e1d\u00e1\u0161 tedy, abych nikdy nebyl slab\u00fd, ale \u017e\u00e1d\u00e1\u0161, abych vstal.<\/p>\n\n\n\n<p><a href=\"https:\/\/naucseto.cz\/wordpress\/zkusebni-stranka\/krizova-cesta-1-zastaveni\/krizova-cesta-10-zastaveni\">Des\u00e1t\u00e9 zastaven\u00ed<\/a><\/p>\n","protected":false},"excerpt":{"rendered":"<p>Je\u017e\u00ed\u0161 pot\u0159et\u00ed kles\u00e1 pod k\u0159\u00ed\u017eem Ver\u0161e: Matou\u0161 26,39-44 T\u0159et\u00ed p\u00e1d. Pot\u0159et\u00ed pad\u00e1\u0161 a vst\u00e1v\u00e1\u0161. Ne\u017e\u00e1d\u00e1\u0161 tedy, abych nikdy nebyl slab\u00fd, ale \u017e\u00e1d\u00e1\u0161, abych vstal. Des\u00e1t\u00e9 zastaven\u00ed<\/p>\n","protected":false},"author":2,"featured_media":0,"parent":359,"menu_order":0,"comment_status":"closed","ping_status":"closed","template":"","meta":{"footnotes":""},"class_list":["post-416","page","type-page","status-publish","hentry"],"_links":{"self":[{"href":"https:\/\/naucseto.cz\/wordpress\/wp-json\/wp\/v2\/pages\/416","targetHints":{"allow":["GET"]}}],"collection":[{"href":"https:\/\/naucseto.cz\/wordpress\/wp-json\/wp\/v2\/pages"}],"about":[{"href":"https:\/\/naucseto.cz\/wordpress\/wp-json\/wp\/v2\/types\/page"}],"author":[{"embeddable":true,"href":"https:\/\/naucseto.cz\/wordpress\/wp-json\/wp\/v2\/users\/2"}],"replies":[{"embeddable":true,"href":"https:\/\/naucseto.cz\/wordpress\/wp-json\/wp\/v2\/comments?post=416"}],"version-history":[{"count":3,"href":"https:\/\/naucseto.cz\/wordpress\/wp-json\/wp\/v2\/pages\/416\/revisions"}],"predecessor-version":[{"id":445,"href":"https:\/\/naucseto.cz\/wordpress\/wp-json\/wp\/v2\/pages\/416\/revisions\/445"}],"up":[{"embeddable":true,"href":"https:\/\/naucseto.cz\/wordpress\/wp-json\/wp\/v2\/pages\/359"}],"wp:attachment":[{"href":"https:\/\/naucseto.cz\/wordpress\/wp-json\/wp\/v2\/media?parent=416"}],"curies":[{"name":"wp","href":"https:\/\/api.w.org\/{rel}","templated":true}]}}