{"id":425,"date":"2024-02-18T17:05:33","date_gmt":"2024-02-18T16:05:33","guid":{"rendered":"https:\/\/naucseto.cz\/wordpress\/?page_id=425"},"modified":"2024-02-18T17:28:43","modified_gmt":"2024-02-18T16:28:43","slug":"krizova-cesta-10-zastaveni","status":"publish","type":"page","link":"https:\/\/naucseto.cz\/wordpress\/zkusebni-stranka\/krizova-cesta-1-zastaveni\/krizova-cesta-10-zastaveni\/","title":{"rendered":"K\u0159\u00ed\u017eov\u00e1 cesta &#8211; 10. zastaven\u00ed"},"content":{"rendered":"\n<p><strong>Je\u017e\u00ed\u0161e svl\u00e9kaj\u00ed z roucha<\/strong><\/p>\n\n\n\n<figure class=\"wp-block-image size-full is-resized\"><img loading=\"lazy\" decoding=\"async\" width=\"391\" height=\"625\" src=\"https:\/\/naucseto.cz\/wordpress\/wp-content\/uploads\/2024\/02\/00-def-10.jpg\" alt=\"\" class=\"wp-image-426\" style=\"width:305px;height:auto\" srcset=\"https:\/\/naucseto.cz\/wordpress\/wp-content\/uploads\/2024\/02\/00-def-10.jpg 391w, https:\/\/naucseto.cz\/wordpress\/wp-content\/uploads\/2024\/02\/00-def-10-188x300.jpg 188w, https:\/\/naucseto.cz\/wordpress\/wp-content\/uploads\/2024\/02\/00-def-10-300x480.jpg 300w\" sizes=\"auto, (max-width: 391px) 100vw, 391px\" \/><\/figure>\n\n\n\n<p>Ver\u0161e: <a href=\"http:\/\/biblenet.cz\/app\/bible\/passage?path=Jan+19%2C23-24&amp;search=Otev%C5%99%C3%ADt\" target=\"_blank\" rel=\"noreferrer noopener\">Jan 19,23-24<\/a><\/p>\n\n\n\n<p>Vysvl\u00e9k\u00e1n\u00ed ze \u0161at\u016f. Vysvl\u00e9k\u00e1n\u00ed se p\u0159id\u00e1valo k t\u011blesn\u00fdm muk\u00e1m jako duchovn\u00ed potupen\u00ed. Dej, a\u0165 v\u017edy si vzpomenu na tebe, kdy\u017e m\u011b budou tupit.<\/p>\n\n\n\n<p><a href=\"https:\/\/naucseto.cz\/wordpress\/zkusebni-stranka\/krizova-cesta-1-zastaveni\/krizova-cesta-11-zastaveni\">Jeden\u00e1ct\u00e9 zastaven\u00ed<\/a><\/p>\n","protected":false},"excerpt":{"rendered":"<p>Je\u017e\u00ed\u0161e svl\u00e9kaj\u00ed z roucha Ver\u0161e: Jan 19,23-24 Vysvl\u00e9k\u00e1n\u00ed ze \u0161at\u016f. Vysvl\u00e9k\u00e1n\u00ed se p\u0159id\u00e1valo k t\u011blesn\u00fdm muk\u00e1m jako duchovn\u00ed potupen\u00ed. Dej, a\u0165 v\u017edy si vzpomenu na tebe, kdy\u017e m\u011b budou tupit. Jeden\u00e1ct\u00e9 zastaven\u00ed<\/p>\n","protected":false},"author":2,"featured_media":0,"parent":359,"menu_order":0,"comment_status":"closed","ping_status":"closed","template":"","meta":{"footnotes":""},"class_list":["post-425","page","type-page","status-publish","hentry"],"_links":{"self":[{"href":"https:\/\/naucseto.cz\/wordpress\/wp-json\/wp\/v2\/pages\/425","targetHints":{"allow":["GET"]}}],"collection":[{"href":"https:\/\/naucseto.cz\/wordpress\/wp-json\/wp\/v2\/pages"}],"about":[{"href":"https:\/\/naucseto.cz\/wordpress\/wp-json\/wp\/v2\/types\/page"}],"author":[{"embeddable":true,"href":"https:\/\/naucseto.cz\/wordpress\/wp-json\/wp\/v2\/users\/2"}],"replies":[{"embeddable":true,"href":"https:\/\/naucseto.cz\/wordpress\/wp-json\/wp\/v2\/comments?post=425"}],"version-history":[{"count":2,"href":"https:\/\/naucseto.cz\/wordpress\/wp-json\/wp\/v2\/pages\/425\/revisions"}],"predecessor-version":[{"id":441,"href":"https:\/\/naucseto.cz\/wordpress\/wp-json\/wp\/v2\/pages\/425\/revisions\/441"}],"up":[{"embeddable":true,"href":"https:\/\/naucseto.cz\/wordpress\/wp-json\/wp\/v2\/pages\/359"}],"wp:attachment":[{"href":"https:\/\/naucseto.cz\/wordpress\/wp-json\/wp\/v2\/media?parent=425"}],"curies":[{"name":"wp","href":"https:\/\/api.w.org\/{rel}","templated":true}]}}