{"id":428,"date":"2024-02-18T17:10:36","date_gmt":"2024-02-18T16:10:36","guid":{"rendered":"https:\/\/naucseto.cz\/wordpress\/?page_id=428"},"modified":"2024-02-18T17:29:28","modified_gmt":"2024-02-18T16:29:28","slug":"krizova-cesta-11-zastaveni","status":"publish","type":"page","link":"https:\/\/naucseto.cz\/wordpress\/zkusebni-stranka\/krizova-cesta-1-zastaveni\/krizova-cesta-11-zastaveni\/","title":{"rendered":"K\u0159\u00ed\u017eov\u00e1 cesta &#8211; 11. zastaven\u00ed"},"content":{"rendered":"\n<p><strong>Je\u017e\u00ed\u0161 je p\u0159ibit na k\u0159\u00ed\u017e<\/strong><\/p>\n\n\n\n<figure class=\"wp-block-image size-full is-resized\"><img loading=\"lazy\" decoding=\"async\" width=\"391\" height=\"625\" src=\"https:\/\/naucseto.cz\/wordpress\/wp-content\/uploads\/2024\/02\/00-def-11.jpg\" alt=\"\" class=\"wp-image-429\" style=\"width:289px;height:auto\" srcset=\"https:\/\/naucseto.cz\/wordpress\/wp-content\/uploads\/2024\/02\/00-def-11.jpg 391w, https:\/\/naucseto.cz\/wordpress\/wp-content\/uploads\/2024\/02\/00-def-11-188x300.jpg 188w, https:\/\/naucseto.cz\/wordpress\/wp-content\/uploads\/2024\/02\/00-def-11-300x480.jpg 300w\" sizes=\"auto, (max-width: 391px) 100vw, 391px\" \/><\/figure>\n\n\n\n<p>Ver\u0161e: <a href=\"http:\/\/biblenet.cz\/app\/bible\/passage?path=Marek+15%2C22-27&amp;search=Otev%C5%99%C3%ADt\" target=\"_blank\" rel=\"noreferrer noopener\">Marek 15,22-27<\/a><\/p>\n\n\n\n<p>P\u0159ib\u00edjen\u00ed. Znemo\u017enili ti ka\u017ed\u00fd pohyb, ale p\u0159esto nerezignuje\u0161 ve sv\u00e9m sp\u00e1sn\u00e9m d\u00edle. Dej, abych v jak\u00fdchkoli omezen\u00edch nerezignoval ve sv\u00e9m povol\u00e1n\u00ed.<\/p>\n\n\n\n<p><a href=\"https:\/\/naucseto.cz\/wordpress\/zkusebni-stranka\/krizova-cesta-1-zastaveni\/krizova-cesta-12-zastaveni\">Dvan\u00e1ct\u00e9 zastaven\u00ed<\/a><\/p>\n","protected":false},"excerpt":{"rendered":"<p>Je\u017e\u00ed\u0161 je p\u0159ibit na k\u0159\u00ed\u017e Ver\u0161e: Marek 15,22-27 P\u0159ib\u00edjen\u00ed. Znemo\u017enili ti ka\u017ed\u00fd pohyb, ale p\u0159esto nerezignuje\u0161 ve sv\u00e9m sp\u00e1sn\u00e9m d\u00edle. Dej, abych v jak\u00fdchkoli omezen\u00edch nerezignoval ve sv\u00e9m povol\u00e1n\u00ed. Dvan\u00e1ct\u00e9 zastaven\u00ed<\/p>\n","protected":false},"author":2,"featured_media":0,"parent":359,"menu_order":0,"comment_status":"closed","ping_status":"closed","template":"","meta":{"footnotes":""},"class_list":["post-428","page","type-page","status-publish","hentry"],"_links":{"self":[{"href":"https:\/\/naucseto.cz\/wordpress\/wp-json\/wp\/v2\/pages\/428","targetHints":{"allow":["GET"]}}],"collection":[{"href":"https:\/\/naucseto.cz\/wordpress\/wp-json\/wp\/v2\/pages"}],"about":[{"href":"https:\/\/naucseto.cz\/wordpress\/wp-json\/wp\/v2\/types\/page"}],"author":[{"embeddable":true,"href":"https:\/\/naucseto.cz\/wordpress\/wp-json\/wp\/v2\/users\/2"}],"replies":[{"embeddable":true,"href":"https:\/\/naucseto.cz\/wordpress\/wp-json\/wp\/v2\/comments?post=428"}],"version-history":[{"count":2,"href":"https:\/\/naucseto.cz\/wordpress\/wp-json\/wp\/v2\/pages\/428\/revisions"}],"predecessor-version":[{"id":442,"href":"https:\/\/naucseto.cz\/wordpress\/wp-json\/wp\/v2\/pages\/428\/revisions\/442"}],"up":[{"embeddable":true,"href":"https:\/\/naucseto.cz\/wordpress\/wp-json\/wp\/v2\/pages\/359"}],"wp:attachment":[{"href":"https:\/\/naucseto.cz\/wordpress\/wp-json\/wp\/v2\/media?parent=428"}],"curies":[{"name":"wp","href":"https:\/\/api.w.org\/{rel}","templated":true}]}}