{"id":431,"date":"2024-02-18T17:15:26","date_gmt":"2024-02-18T16:15:26","guid":{"rendered":"https:\/\/naucseto.cz\/wordpress\/?page_id=431"},"modified":"2024-02-18T17:30:11","modified_gmt":"2024-02-18T16:30:11","slug":"krizova-cesta-12-zastaveni","status":"publish","type":"page","link":"https:\/\/naucseto.cz\/wordpress\/zkusebni-stranka\/krizova-cesta-1-zastaveni\/krizova-cesta-12-zastaveni\/","title":{"rendered":"K\u0159\u00ed\u017eov\u00e1 cesta &#8211; 12. zastaven\u00ed"},"content":{"rendered":"\n<p><strong>Je\u017e\u00ed\u0161 na k\u0159\u00ed\u017ei um\u00edr\u00e1<\/strong><\/p>\n\n\n\n<figure class=\"wp-block-image size-full is-resized\"><img loading=\"lazy\" decoding=\"async\" width=\"391\" height=\"625\" src=\"https:\/\/naucseto.cz\/wordpress\/wp-content\/uploads\/2024\/02\/00-def-12.jpg\" alt=\"\" class=\"wp-image-432\" style=\"width:297px;height:auto\" srcset=\"https:\/\/naucseto.cz\/wordpress\/wp-content\/uploads\/2024\/02\/00-def-12.jpg 391w, https:\/\/naucseto.cz\/wordpress\/wp-content\/uploads\/2024\/02\/00-def-12-188x300.jpg 188w, https:\/\/naucseto.cz\/wordpress\/wp-content\/uploads\/2024\/02\/00-def-12-300x480.jpg 300w\" sizes=\"auto, (max-width: 391px) 100vw, 391px\" \/><\/figure>\n\n\n\n<p>Ver\u0161e: <a href=\"http:\/\/biblenet.cz\/app\/bible\/passage?path=Jan+19%2C25-30&amp;search=Otev%C5%99%C3%ADt\" target=\"_blank\" rel=\"noreferrer noopener\">Jan 19,25-30<\/a><\/p>\n\n\n\n<p>Smrt. Nikdo ti nevzal \u017eivot. S\u00e1m ho d\u00e1v\u00e1\u0161. Z l\u00e1sky. Dej, abych byl mu\u017eem (\u017eenou) ob\u011bti. Z l\u00e1sky.<\/p>\n\n\n\n<p><a href=\"https:\/\/naucseto.cz\/wordpress\/zkusebni-stranka\/krizova-cesta-1-zastaveni\/krizova-cesta-13-zastaveni\">T\u0159in\u00e1ct\u00e9 zastaven\u00ed<\/a><\/p>\n","protected":false},"excerpt":{"rendered":"<p>Je\u017e\u00ed\u0161 na k\u0159\u00ed\u017ei um\u00edr\u00e1 Ver\u0161e: Jan 19,25-30 Smrt. Nikdo ti nevzal \u017eivot. S\u00e1m ho d\u00e1v\u00e1\u0161. Z l\u00e1sky. Dej, abych byl mu\u017eem (\u017eenou) ob\u011bti. Z l\u00e1sky. T\u0159in\u00e1ct\u00e9 zastaven\u00ed<\/p>\n","protected":false},"author":2,"featured_media":0,"parent":359,"menu_order":0,"comment_status":"closed","ping_status":"closed","template":"","meta":{"footnotes":""},"class_list":["post-431","page","type-page","status-publish","hentry"],"_links":{"self":[{"href":"https:\/\/naucseto.cz\/wordpress\/wp-json\/wp\/v2\/pages\/431","targetHints":{"allow":["GET"]}}],"collection":[{"href":"https:\/\/naucseto.cz\/wordpress\/wp-json\/wp\/v2\/pages"}],"about":[{"href":"https:\/\/naucseto.cz\/wordpress\/wp-json\/wp\/v2\/types\/page"}],"author":[{"embeddable":true,"href":"https:\/\/naucseto.cz\/wordpress\/wp-json\/wp\/v2\/users\/2"}],"replies":[{"embeddable":true,"href":"https:\/\/naucseto.cz\/wordpress\/wp-json\/wp\/v2\/comments?post=431"}],"version-history":[{"count":2,"href":"https:\/\/naucseto.cz\/wordpress\/wp-json\/wp\/v2\/pages\/431\/revisions"}],"predecessor-version":[{"id":443,"href":"https:\/\/naucseto.cz\/wordpress\/wp-json\/wp\/v2\/pages\/431\/revisions\/443"}],"up":[{"embeddable":true,"href":"https:\/\/naucseto.cz\/wordpress\/wp-json\/wp\/v2\/pages\/359"}],"wp:attachment":[{"href":"https:\/\/naucseto.cz\/wordpress\/wp-json\/wp\/v2\/media?parent=431"}],"curies":[{"name":"wp","href":"https:\/\/api.w.org\/{rel}","templated":true}]}}