{"id":434,"date":"2024-02-18T17:20:38","date_gmt":"2024-02-18T16:20:38","guid":{"rendered":"https:\/\/naucseto.cz\/wordpress\/?page_id=434"},"modified":"2024-02-18T17:30:59","modified_gmt":"2024-02-18T16:30:59","slug":"krizova-cesta-13-zastaveni","status":"publish","type":"page","link":"https:\/\/naucseto.cz\/wordpress\/zkusebni-stranka\/krizova-cesta-1-zastaveni\/krizova-cesta-13-zastaveni\/","title":{"rendered":"K\u0159\u00ed\u017eov\u00e1 cesta &#8211; 13. zastaven\u00ed"},"content":{"rendered":"\n<p><strong>T\u011blo Je\u017e\u00ed\u0161ovo le\u017e\u00ed Marii na kl\u00edn\u011b<\/strong><\/p>\n\n\n\n<figure class=\"wp-block-image size-full is-resized\"><img loading=\"lazy\" decoding=\"async\" width=\"391\" height=\"625\" src=\"https:\/\/naucseto.cz\/wordpress\/wp-content\/uploads\/2024\/02\/00-def-13.jpg\" alt=\"\" class=\"wp-image-435\" style=\"width:310px;height:auto\" srcset=\"https:\/\/naucseto.cz\/wordpress\/wp-content\/uploads\/2024\/02\/00-def-13.jpg 391w, https:\/\/naucseto.cz\/wordpress\/wp-content\/uploads\/2024\/02\/00-def-13-188x300.jpg 188w, https:\/\/naucseto.cz\/wordpress\/wp-content\/uploads\/2024\/02\/00-def-13-300x480.jpg 300w\" sizes=\"auto, (max-width: 391px) 100vw, 391px\" \/><\/figure>\n\n\n\n<p>Ver\u0161e: <a href=\"http:\/\/biblenet.cz\/app\/bible\/passage?path=Jan+19%2C31-38&amp;search=Otev%C5%99%C3%ADt\" target=\"_blank\" rel=\"noreferrer noopener\">Jan 19,31-38<\/a><\/p>\n\n\n\n<p>Sn\u00edm\u00e1n\u00ed. Matka bere do n\u00e1ru\u010de tvoje mrtv\u00e9 t\u011blo. Matko, vezmi mne do n\u00e1ru\u010de nyn\u00ed i v hodin\u011b m\u00e9 smrti.<\/p>\n\n\n\n<p><a href=\"https:\/\/naucseto.cz\/wordpress\/zkusebni-stranka\/krizova-cesta-1-zastaveni\/krizova-cesta-14-zastaveni\">\u010ctrn\u00e1ct\u00e9 zastaven\u00ed<\/a><\/p>\n","protected":false},"excerpt":{"rendered":"<p>T\u011blo Je\u017e\u00ed\u0161ovo le\u017e\u00ed Marii na kl\u00edn\u011b Ver\u0161e: Jan 19,31-38 Sn\u00edm\u00e1n\u00ed. Matka bere do n\u00e1ru\u010de tvoje mrtv\u00e9 t\u011blo. Matko, vezmi mne do n\u00e1ru\u010de nyn\u00ed i v hodin\u011b m\u00e9 smrti. \u010ctrn\u00e1ct\u00e9 zastaven\u00ed<\/p>\n","protected":false},"author":2,"featured_media":0,"parent":359,"menu_order":0,"comment_status":"closed","ping_status":"closed","template":"","meta":{"footnotes":""},"class_list":["post-434","page","type-page","status-publish","hentry"],"_links":{"self":[{"href":"https:\/\/naucseto.cz\/wordpress\/wp-json\/wp\/v2\/pages\/434","targetHints":{"allow":["GET"]}}],"collection":[{"href":"https:\/\/naucseto.cz\/wordpress\/wp-json\/wp\/v2\/pages"}],"about":[{"href":"https:\/\/naucseto.cz\/wordpress\/wp-json\/wp\/v2\/types\/page"}],"author":[{"embeddable":true,"href":"https:\/\/naucseto.cz\/wordpress\/wp-json\/wp\/v2\/users\/2"}],"replies":[{"embeddable":true,"href":"https:\/\/naucseto.cz\/wordpress\/wp-json\/wp\/v2\/comments?post=434"}],"version-history":[{"count":2,"href":"https:\/\/naucseto.cz\/wordpress\/wp-json\/wp\/v2\/pages\/434\/revisions"}],"predecessor-version":[{"id":444,"href":"https:\/\/naucseto.cz\/wordpress\/wp-json\/wp\/v2\/pages\/434\/revisions\/444"}],"up":[{"embeddable":true,"href":"https:\/\/naucseto.cz\/wordpress\/wp-json\/wp\/v2\/pages\/359"}],"wp:attachment":[{"href":"https:\/\/naucseto.cz\/wordpress\/wp-json\/wp\/v2\/media?parent=434"}],"curies":[{"name":"wp","href":"https:\/\/api.w.org\/{rel}","templated":true}]}}