{"id":437,"date":"2024-02-18T17:26:51","date_gmt":"2024-02-18T16:26:51","guid":{"rendered":"https:\/\/naucseto.cz\/wordpress\/?page_id=437"},"modified":"2024-02-18T17:26:51","modified_gmt":"2024-02-18T16:26:51","slug":"krizova-cesta-14-zastaveni","status":"publish","type":"page","link":"https:\/\/naucseto.cz\/wordpress\/zkusebni-stranka\/krizova-cesta-1-zastaveni\/krizova-cesta-14-zastaveni\/","title":{"rendered":"K\u0159\u00ed\u017eov\u00e1 cesta &#8211; 14. zastaven\u00ed"},"content":{"rendered":"\n<p><strong>T\u011blo Je\u017e\u00ed\u0161ovo kladou do hrobu<\/strong><\/p>\n\n\n\n<figure class=\"wp-block-image size-full is-resized\"><img loading=\"lazy\" decoding=\"async\" width=\"391\" height=\"625\" src=\"https:\/\/naucseto.cz\/wordpress\/wp-content\/uploads\/2024\/02\/00-def-14.jpg\" alt=\"\" class=\"wp-image-438\" style=\"width:285px;height:auto\" srcset=\"https:\/\/naucseto.cz\/wordpress\/wp-content\/uploads\/2024\/02\/00-def-14.jpg 391w, https:\/\/naucseto.cz\/wordpress\/wp-content\/uploads\/2024\/02\/00-def-14-188x300.jpg 188w, https:\/\/naucseto.cz\/wordpress\/wp-content\/uploads\/2024\/02\/00-def-14-300x480.jpg 300w\" sizes=\"auto, (max-width: 391px) 100vw, 391px\" \/><\/figure>\n\n\n\n<p>Ver\u0161e: Luk\u00e1\u0161 23,52-56<\/p>\n\n\n\n<p>Hrob. Nez\u016fstal jsi v hrob\u011b le\u017eet. Vstal jsi, Pane, a \u017eije\u0161. Je\u017e\u00ed\u0161i, dej, a\u0165 s tebou zem\u0159eme a s tebou v\u011b\u010dn\u011b \u017eijem. Amen.<\/p>\n\n\n\n<p>Vytvo\u0159eno podle <a href=\"https:\/\/brichacek.blog.idnes.cz\/blog.aspx?c=501506\" target=\"_blank\" rel=\"noreferrer noopener\">blogu Tom\u00e1\u0161e B\u0159ich\u00e1\u010dka<\/a> a <a href=\"https:\/\/www.pastorace.cz\/tematicke-texty\/dvouradkova-krizova-cesta\" target=\"_blank\" rel=\"noreferrer noopener\">Dvou\u0159\u00e1dkov\u00e9 k\u0159\u00ed\u017eov\u00e9 cesty<\/a><\/p>\n","protected":false},"excerpt":{"rendered":"<p>T\u011blo Je\u017e\u00ed\u0161ovo kladou do hrobu Ver\u0161e: Luk\u00e1\u0161 23,52-56 Hrob. Nez\u016fstal jsi v hrob\u011b le\u017eet. Vstal jsi, Pane, a \u017eije\u0161. Je\u017e\u00ed\u0161i, dej, a\u0165 s tebou zem\u0159eme a s tebou v\u011b\u010dn\u011b \u017eijem. Amen. Vytvo\u0159eno&#8230;<\/p>\n","protected":false},"author":2,"featured_media":0,"parent":359,"menu_order":0,"comment_status":"closed","ping_status":"closed","template":"","meta":{"footnotes":""},"class_list":["post-437","page","type-page","status-publish","hentry"],"_links":{"self":[{"href":"https:\/\/naucseto.cz\/wordpress\/wp-json\/wp\/v2\/pages\/437","targetHints":{"allow":["GET"]}}],"collection":[{"href":"https:\/\/naucseto.cz\/wordpress\/wp-json\/wp\/v2\/pages"}],"about":[{"href":"https:\/\/naucseto.cz\/wordpress\/wp-json\/wp\/v2\/types\/page"}],"author":[{"embeddable":true,"href":"https:\/\/naucseto.cz\/wordpress\/wp-json\/wp\/v2\/users\/2"}],"replies":[{"embeddable":true,"href":"https:\/\/naucseto.cz\/wordpress\/wp-json\/wp\/v2\/comments?post=437"}],"version-history":[{"count":1,"href":"https:\/\/naucseto.cz\/wordpress\/wp-json\/wp\/v2\/pages\/437\/revisions"}],"predecessor-version":[{"id":439,"href":"https:\/\/naucseto.cz\/wordpress\/wp-json\/wp\/v2\/pages\/437\/revisions\/439"}],"up":[{"embeddable":true,"href":"https:\/\/naucseto.cz\/wordpress\/wp-json\/wp\/v2\/pages\/359"}],"wp:attachment":[{"href":"https:\/\/naucseto.cz\/wordpress\/wp-json\/wp\/v2\/media?parent=437"}],"curies":[{"name":"wp","href":"https:\/\/api.w.org\/{rel}","templated":true}]}}